{"id":31,"date":"2016-07-28T04:10:33","date_gmt":"2016-07-28T04:10:33","guid":{"rendered":"http:\/\/demo.uix.store\/sober\/?page_id=31"},"modified":"2016-07-28T04:10:33","modified_gmt":"2016-07-28T04:10:33","slug":"home-v3","status":"publish","type":"page","link":"https:\/\/zawaj-signature.com\/","title":{"rendered":"Home v3"},"content":{"rendered":"\t\t<div data-elementor-type=\"wp-page\" data-elementor-id=\"31\" class=\"elementor elementor-31\" data-elementor-post-type=\"page\">\n\t\t\t\t\t\t<section class=\"elementor-section elementor-top-section elementor-element elementor-element-9d18e12 elementor-section-boxed elementor-section-height-default elementor-section-height-default\" data-id=\"9d18e12\" data-element_type=\"section\" data-e-type=\"section\">\n\t\t\t\t\t\t<div class=\"elementor-container elementor-column-gap-no\">\n\t\t\t\t\t<div class=\"elementor-column elementor-col-100 elementor-top-column elementor-element elementor-element-12cc98a\" data-id=\"12cc98a\" data-element_type=\"column\" data-e-type=\"column\">\n\t\t\t<div class=\"elementor-widget-wrap\">\n\t\t\t\t\t\t\t<\/div>\n\t\t<\/div>\n\t\t\t\t\t<\/div>\n\t\t<\/section>\n\t\t\t\t<section class=\"elementor-section elementor-top-section elementor-element elementor-element-387a690 elementor-section-full_width elementor-section-height-default elementor-section-height-default\" data-id=\"387a690\" data-element_type=\"section\" data-e-type=\"section\">\n\t\t\t\t\t\t<div class=\"elementor-container elementor-column-gap-no\">\n\t\t\t\t\t<div class=\"elementor-column elementor-col-100 elementor-top-column elementor-element elementor-element-be34422\" data-id=\"be34422\" data-element_type=\"column\" data-e-type=\"column\">\n\t\t\t<div class=\"elementor-widget-wrap elementor-element-populated\">\n\t\t\t\t\t\t<div class=\"elementor-element elementor-element-803c34b elementor-widget elementor-widget-sober-banner-grid-5\" data-id=\"803c34b\" data-element_type=\"widget\" data-e-type=\"widget\" data-widget_type=\"sober-banner-grid-5.default\">\n\t\t\t\t<div class=\"elementor-widget-container\">\n\t\t\t\t\t\t\t<div class=\"sober-banner-grid-5 sober-banner-grid-5--elementor\">\n\t\t\t<div class=\"sober-banner-grid-5__wrapper banners-wrap\">\n\t\t\t\t<div class=\"sober-banner-grid-5__column-1 banners banners-column-1\">\n\t\t\t\t\t\t\t<div class=\"sober-banner-grid-5__banner sober-banner-grid-5__banner-1 sober-banner-grid__banner sober-banner-image sober-banner-image-1\" style=\"background-image: url(https:\/\/ik.imagekit.io\/vn49p9jmnnv7g\/sober\/home3-footwear_Wbj1mesEs.jpg)\">\n\t\t\t<img decoding=\"async\" class=\"sober-banner-image__image sober-banner-image-1__image\" src=\"https:\/\/ik.imagekit.io\/vn49p9jmnnv7g\/sober\/home3-footwear_Wbj1mesEs.jpg\">\n\n\t\t\t<div class=\"sober-banner-image__buttons sober-banner-image-1__buttons\">\n\t\t\t\t<a class=\"sober-banner-image__button sober-banner-image-1__button\" href=\"#\">Footwear<\/a>\t\t\t\t\t\t\t<\/div>\n\t\t<\/div>\n\t\t\t\t<div class=\"sober-banner-grid-5__banner sober-banner-grid-5__banner-2 sober-banner-grid__banner sober-banner-image sober-banner-image-2\" style=\"background-image: url(https:\/\/ik.imagekit.io\/vn49p9jmnnv7g\/sober\/home3-accessories_cPhzDwgHCA.jpg)\">\n\t\t\t<img decoding=\"async\" class=\"sober-banner-image__image sober-banner-image-2__image\" src=\"https:\/\/ik.imagekit.io\/vn49p9jmnnv7g\/sober\/home3-accessories_cPhzDwgHCA.jpg\">\n\n\t\t\t<div class=\"sober-banner-image__buttons sober-banner-image-2__buttons\">\n\t\t\t\t<a class=\"sober-banner-image__button sober-banner-image-2__button\" href=\"#\">Accessories<\/a>\t\t\t\t\t\t\t<\/div>\n\t\t<\/div>\n\t\t\t\t\t\t<\/div>\n\t\t\t\t<div class=\"sober-banner-grid-5__column-2 banners banners-column-2\">\n\t\t\t\t\t\t\t<div class=\"sober-banner-grid-5__banner sober-banner-grid-5__banner-3 sober-banner-grid__banner sober-banner-image sober-banner-image-3\" style=\"background-image: url(https:\/\/ik.imagekit.io\/vn49p9jmnnv7g\/sober\/home3-woman-man_fo39G1v1Z.jpg)\">\n\t\t\t<img decoding=\"async\" class=\"sober-banner-image__image sober-banner-image-3__image\" src=\"https:\/\/ik.imagekit.io\/vn49p9jmnnv7g\/sober\/home3-woman-man_fo39G1v1Z.jpg\">\n\n\t\t\t<div class=\"sober-banner-image__buttons sober-banner-image-3__buttons\">\n\t\t\t\t<a class=\"sober-banner-image__button sober-banner-image-3__button\" href=\"#\">Woman<\/a>\t\t\t\t<a class=\"sober-banner-image__button sober-banner-image__button-2 sober-banner-image-3__button sober-banner-image-3__button-2\" href=\"#\">Man<\/a>\t\t\t<\/div>\n\t\t<\/div>\n\t\t\t\t\t\t<\/div>\n\t\t\t\t<div class=\"sober-banner-grid-5__column-3 banners banners-column-3\">\n\t\t\t\t\t\t\t<div class=\"sober-banner-grid-5__banner sober-banner-grid-5__banner-4 sober-banner-grid__banner sober-banner-image sober-banner-image-4\" style=\"background-image: url(https:\/\/ik.imagekit.io\/vn49p9jmnnv7g\/sober\/home3-hats_Vem1Wkhmt.jpg)\">\n\t\t\t<img decoding=\"async\" class=\"sober-banner-image__image sober-banner-image-4__image\" src=\"https:\/\/ik.imagekit.io\/vn49p9jmnnv7g\/sober\/home3-hats_Vem1Wkhmt.jpg\">\n\n\t\t\t<div class=\"sober-banner-image__buttons sober-banner-image-4__buttons\">\n\t\t\t\t<a class=\"sober-banner-image__button sober-banner-image-4__button\" href=\"#\">Hats<\/a>\t\t\t\t\t\t\t<\/div>\n\t\t<\/div>\n\t\t\t\t<div class=\"sober-banner-grid-5__banner sober-banner-grid-5__banner-5 sober-banner-grid__banner sober-banner-image sober-banner-image-5\" style=\"background-image: url(https:\/\/ik.imagekit.io\/vn49p9jmnnv7g\/sober\/home3-bags_0BqfoQnWI.jpg)\">\n\t\t\t<img decoding=\"async\" class=\"sober-banner-image__image sober-banner-image-5__image\" src=\"https:\/\/ik.imagekit.io\/vn49p9jmnnv7g\/sober\/home3-bags_0BqfoQnWI.jpg\">\n\n\t\t\t<div class=\"sober-banner-image__buttons sober-banner-image-5__buttons\">\n\t\t\t\t<a class=\"sober-banner-image__button sober-banner-image-5__button\" href=\"#\">Bags<\/a>\t\t\t\t\t\t\t<\/div>\n\t\t<\/div>\n\t\t\t\t\t\t<\/div>\n\t\t\t<\/div>\n\t\t<\/div>\n\t\t\t\t\t\t<\/div>\n\t\t\t\t<\/div>\n\t\t\t\t\t<\/div>\n\t\t<\/div>\n\t\t\t\t\t<\/div>\n\t\t<\/section>\n\t\t\t\t<section class=\"elementor-section elementor-top-section elementor-element elementor-element-006a36a elementor-section-full_width elementor-section-height-default elementor-section-height-default\" data-id=\"006a36a\" data-element_type=\"section\" data-e-type=\"section\">\n\t\t\t\t\t\t<div class=\"elementor-container elementor-column-gap-no\">\n\t\t\t\t\t<div class=\"elementor-column elementor-col-100 elementor-top-column elementor-element elementor-element-9ac3e47\" data-id=\"9ac3e47\" data-element_type=\"column\" data-e-type=\"column\">\n\t\t\t<div class=\"elementor-widget-wrap elementor-element-populated\">\n\t\t\t\t\t\t<div class=\"elementor-element elementor-element-265c3b7 elementor-widget elementor-widget-sober-section-heading\" data-id=\"265c3b7\" data-element_type=\"widget\" data-e-type=\"widget\" data-widget_type=\"sober-section-heading.default\">\n\t\t\t\t<div class=\"elementor-widget-container\">\n\t\t\t\t\t<h2 class=\"sober-section-heading sober-section-heading--small sober-section-header--align-left\"><span class=\"sober-section-heading__title\">Featured Products<\/span><a class=\"sober-section-heading__more\" href=\"#\">All Products<\/a><\/h2>\t\t\t\t<\/div>\n\t\t\t\t<\/div>\n\t\t\t\t<div class=\"elementor-element elementor-element-71788f9 elementor-widget elementor-widget-sober-products-grid\" data-id=\"71788f9\" data-element_type=\"widget\" data-e-type=\"widget\" data-widget_type=\"sober-products-grid.default\">\n\t\t\t\t<div class=\"elementor-widget-container\">\n\t\t\t\t\t<div class=\"sober-product-grid sober-products sober-product-grid sober-products\"><div class=\"woocommerce columns-5 \"><ul class=\"products columns-5\">\n<li class=\"new layout-style-2 col-md-4 col-sm-4 col-xs-6 col-lg-1-5 product-style-addtocart product type-product post-2717 status-publish first instock product_cat-uncategorized has-post-thumbnail shipping-taxable purchasable product-type-simple\">\n\t<div class=\"product-header\"><a href=\"https:\/\/zawaj-signature.com\/index.php\/product\/certificat-de-mariage\/\" class=\"woocommerce-LoopProduct-link woocommerce-loop-product__link\"><img fetchpriority=\"high\" decoding=\"async\" width=\"433\" height=\"516\" src=\"https:\/\/zawaj-signature.com\/wp-content\/uploads\/2026\/05\/24-08-2025-17-38-16-433x516.png\" class=\"attachment-woocommerce_thumbnail size-woocommerce_thumbnail\" alt=\"Certificat De mariage\" \/><span class=\"ribbons woocommerce-badges\"><span class=\"newness woocommerce-badge ribbon\">Nouveau<\/span><\/span><\/a>\n\t\t\n\t\t\t<div class=\"buttons-icon\">\n\t\t\t\t\t\t\t<\/div>\n\n\t\t\n\t\t\n\t\t\t<div class=\"buttons\">\n\t\t\t\t<a href=\"\/index.php\/wp-json\/wp\/v2\/pages\/31?add-to-cart=2717\" data-quantity=\"1\" class=\"button product_type_simple add_to_cart_button ajax_add_to_cart sober-loop-atc-button\" data-product_id=\"2717\" data-product_sku=\"\" aria-label=\"Ajouter au panier\u00a0: \u201cCertificat De mariage\u201d\" rel=\"nofollow\" data-success_message=\"\u00ab\u00a0Certificat De mariage\u00a0\u00bb a \u00e9t\u00e9 ajout\u00e9 \u00e0 votre panier\" role=\"button\">\n\t\t\t\t<svg role=\"img\" viewBox=\"0 0 20 20\" width=\"20\" height=\"20\" > <use href=\"#basket-addtocart\" xlink:href=\"#basket-addtocart\"><\/use> <\/svg>\n\t\t\t\t<span class=\"screen-reader-text\">Ajouter au panier<\/span>\n\t\t\t<\/a>\t<span id=\"woocommerce_loop_add_to_cart_link_describedby_2717\" class=\"screen-reader-text\">\n\t\t\t<\/span>\n\t\t\t<\/div>\n\n\t\t\n\t\t<\/div>\n\t\t<h3 class=\"woocommerce-loop-product__title\"><a href=\"https:\/\/zawaj-signature.com\/index.php\/product\/certificat-de-mariage\/\">Certificat De mariage<\/a><\/h3>\n\n\t\t\n\n\t\n\t\t<span class=\"price\"><span class=\"woocommerce-Price-amount amount\"><span class=\"woocommerce-Price-currencySymbol\">\u20ac<\/span>50.00<\/span><\/span>\n\n\t\n<\/li>\n<li class=\"new layout-style-2 col-md-4 col-sm-4 col-xs-6 col-lg-1-5 product-has-gallery product-style-addtocart product type-product post-238 status-publish instock product_cat-footwear has-post-thumbnail sale shipping-taxable purchasable product-type-simple\">\n\t<div class=\"product-header\"><a href=\"https:\/\/zawaj-signature.com\/index.php\/product\/slip-sneakers\/\" class=\"woocommerce-LoopProduct-link woocommerce-loop-product__link\"><img decoding=\"async\" width=\"433\" height=\"516\" src=\"https:\/\/zawaj-signature.com\/wp-content\/uploads\/2016\/07\/1-32-433x516.jpg\" class=\"attachment-woocommerce_thumbnail size-woocommerce_thumbnail\" alt=\"Slip Sneakers\" srcset=\"https:\/\/zawaj-signature.com\/wp-content\/uploads\/2016\/07\/1-32-433x516.jpg 433w, https:\/\/zawaj-signature.com\/wp-content\/uploads\/2016\/07\/1-32-253x300.jpg 253w\" sizes=\"(max-width: 433px) 100vw, 433px\" \/><img decoding=\"async\" width=\"433\" height=\"516\" src=\"https:\/\/zawaj-signature.com\/wp-content\/uploads\/2016\/07\/2-32-433x516.jpg\" class=\"attachment-shop_catalog size-shop_catalog product-hover-image\" alt=\"\" srcset=\"https:\/\/zawaj-signature.com\/wp-content\/uploads\/2016\/07\/2-32-433x516.jpg 433w, https:\/\/zawaj-signature.com\/wp-content\/uploads\/2016\/07\/2-32-253x300.jpg 253w\" sizes=\"(max-width: 433px) 100vw, 433px\" \/><span class=\"ribbons woocommerce-badges\"><span class=\"newness woocommerce-badge ribbon\">Nouveau<\/span><span class=\"onsale woocommerce-badge ribbon\">19%<\/span><\/span><\/a>\n\t\t\n\t\t\t<div class=\"buttons-icon\">\n\t\t\t\t\t\t\t<\/div>\n\n\t\t\n\t\t\n\t\t\t<div class=\"buttons\">\n\t\t\t\t<a href=\"\/index.php\/wp-json\/wp\/v2\/pages\/31?add-to-cart=238\" data-quantity=\"1\" class=\"button product_type_simple add_to_cart_button ajax_add_to_cart sober-loop-atc-button\" data-product_id=\"238\" data-product_sku=\"\" aria-label=\"Ajouter au panier\u00a0: \u201cSlip Sneakers\u201d\" rel=\"nofollow\" data-success_message=\"\u00ab\u00a0Slip Sneakers\u00a0\u00bb a \u00e9t\u00e9 ajout\u00e9 \u00e0 votre panier\" role=\"button\">\n\t\t\t\t<svg role=\"img\" viewBox=\"0 0 20 20\" width=\"20\" height=\"20\" > <use href=\"#basket-addtocart\" xlink:href=\"#basket-addtocart\"><\/use> <\/svg>\n\t\t\t\t<span class=\"screen-reader-text\">Ajouter au panier<\/span>\n\t\t\t<\/a>\t<span id=\"woocommerce_loop_add_to_cart_link_describedby_238\" class=\"screen-reader-text\">\n\t\t\t<\/span>\n\t\t\t<\/div>\n\n\t\t\n\t\t<\/div>\n\t\t<h3 class=\"woocommerce-loop-product__title\"><a href=\"https:\/\/zawaj-signature.com\/index.php\/product\/slip-sneakers\/\">Slip Sneakers<\/a><\/h3>\n\n\t\t\n\n\t\n\t\t<span class=\"price\"><del aria-hidden=\"true\"><span class=\"woocommerce-Price-amount amount\"><span class=\"woocommerce-Price-currencySymbol\">\u20ac<\/span>270.00<\/span><\/del> <span class=\"screen-reader-text\">Le prix initial \u00e9tait\u00a0: \u20ac270.00.<\/span><ins aria-hidden=\"true\"><span class=\"woocommerce-Price-amount amount\"><span class=\"woocommerce-Price-currencySymbol\">\u20ac<\/span>220.00<\/span><\/ins><span class=\"screen-reader-text\">Le prix actuel est\u00a0: \u20ac220.00.<\/span><\/span>\n\n\t\n<\/li>\n<\/ul>\n<\/div><\/div>\t\t\t\t<\/div>\n\t\t\t\t<\/div>\n\t\t\t\t\t<\/div>\n\t\t<\/div>\n\t\t\t\t\t<\/div>\n\t\t<\/section>\n\t\t\t\t<section class=\"elementor-section elementor-top-section elementor-element elementor-element-c341c9c elementor-section-stretched elementor-section-full_width elementor-section-height-default elementor-section-height-default\" data-id=\"c341c9c\" data-element_type=\"section\" data-e-type=\"section\" data-settings=\"{&quot;stretch_section&quot;:&quot;section-stretched&quot;,&quot;background_background&quot;:&quot;classic&quot;}\">\n\t\t\t\t\t\t<div class=\"elementor-container elementor-column-gap-wider\">\n\t\t\t\t\t<div class=\"elementor-column elementor-col-50 elementor-top-column elementor-element elementor-element-fc2f563\" data-id=\"fc2f563\" data-element_type=\"column\" data-e-type=\"column\">\n\t\t\t<div class=\"elementor-widget-wrap\">\n\t\t\t\t\t\t\t<\/div>\n\t\t<\/div>\n\t\t\t\t<div class=\"elementor-column elementor-col-50 elementor-top-column elementor-element elementor-element-8d80b56\" data-id=\"8d80b56\" data-element_type=\"column\" data-e-type=\"column\">\n\t\t\t<div class=\"elementor-widget-wrap elementor-element-populated\">\n\t\t\t\t\t\t<div class=\"elementor-element elementor-element-0947f63 elementor-widget elementor-widget-sober-section-heading\" data-id=\"0947f63\" data-element_type=\"widget\" data-e-type=\"widget\" data-widget_type=\"sober-section-heading.default\">\n\t\t\t\t<div class=\"elementor-widget-container\">\n\t\t\t\t\t<h2 class=\"sober-section-heading sober-section-heading--default sober-section-header--align-center\"><span class=\"sober-section-heading__title\">Deal Of The Day<\/span><\/h2>\t\t\t\t<\/div>\n\t\t\t\t<\/div>\n\t\t\t\t<div class=\"elementor-element elementor-element-ba9c879 elementor-widget elementor-widget-sober-countdown\" data-id=\"ba9c879\" data-element_type=\"widget\" data-e-type=\"widget\" data-widget_type=\"sober-countdown.default\">\n\t\t\t\t<div class=\"elementor-widget-container\">\n\t\t\t\t\t<div class=\"sober-countdown  sober-countdown--elementor\"><div class=\"timers\" data-date=\"2020\/07\/31 00:00:00\"><div class=\"timer-day box\"><span class=\"time day\"><\/span><span class=\"title\">Days<\/span><\/div><div class=\"timer-hour box\"><span class=\"time hour\"><\/span><span class=\"title\">Hours<\/span><\/div><div class=\"timer-min box\"><span class=\"time min\"><\/span><span class=\"title\">Mins<\/span><\/div><div class=\"timer-secs box\"><span class=\"time secs\"><\/span><span class=\"title\">Sec<\/span><\/div><\/div><\/div>\t\t\t\t<\/div>\n\t\t\t\t<\/div>\n\t\t\t\t<div class=\"elementor-element elementor-element-8648086 sober-button-wrapper--align-center elementor-widget elementor-widget-sober-button\" data-id=\"8648086\" data-element_type=\"widget\" data-e-type=\"widget\" data-widget_type=\"sober-button.default\">\n\t\t\t\t<div class=\"elementor-widget-container\">\n\t\t\t\t\t\t\t<a class=\"sober-button sober-button--elementor sober-button--type-normal button-type-normal sober-button--link button sober-button--size-normal button-normal normal\" role=\"button\" href=\"#\">\n\t\t\t<span class=\"sober-button__text\">Shop Now<\/span>\n\t\t<\/a>\n\t\t\t\t\t\t<\/div>\n\t\t\t\t<\/div>\n\t\t\t\t\t<\/div>\n\t\t<\/div>\n\t\t\t\t\t<\/div>\n\t\t<\/section>\n\t\t\t\t<\/div>\n\t\t","protected":false},"excerpt":{"rendered":"<p>[rev_slider alias=\u00a0\u00bbclassic\u00a0\u00bb slidertitle=\u00a0\u00bbClassic\u00a0\u00bb][\/rev_slider] Footwear Accessories Woman Man Hats Bags Featured ProductsAll Products New19% Add to&hellip;<\/p>\n","protected":false},"author":1,"featured_media":0,"parent":0,"menu_order":0,"comment_status":"closed","ping_status":"closed","template":"templates\/homepage.php","meta":{"footnotes":""},"class_list":["post-31","page","type-page","status-publish","hentry"],"yoast_head":"<!-- This site is optimized with the Yoast SEO plugin v27.5 - https:\/\/yoast.com\/product\/yoast-seo-wordpress\/ -->\n<title>Home v3 - Zawaj Signature<\/title>\n<meta name=\"robots\" content=\"index, follow, max-snippet:-1, max-image-preview:large, max-video-preview:-1\" \/>\n<link rel=\"canonical\" href=\"https:\/\/zawaj-signature.com\/\" \/>\n<meta property=\"og:locale\" content=\"fr_FR\" \/>\n<meta property=\"og:type\" content=\"article\" \/>\n<meta property=\"og:title\" content=\"Home v3 - Zawaj Signature\" \/>\n<meta property=\"og:description\" content=\"[rev_slider alias=\u00a0\u00bbclassic\u00a0\u00bb slidertitle=\u00a0\u00bbClassic\u00a0\u00bb][\/rev_slider] Footwear Accessories Woman Man Hats Bags Featured ProductsAll Products New19% Add to&hellip;\" \/>\n<meta property=\"og:url\" content=\"https:\/\/zawaj-signature.com\/\" \/>\n<meta property=\"og:site_name\" content=\"Zawaj Signature\" \/>\n<meta property=\"og:image\" content=\"https:\/\/ik.imagekit.io\/vn49p9jmnnv7g\/sober\/home3-footwear_Wbj1mesEs.jpg\" \/>\n<meta name=\"twitter:card\" content=\"summary_large_image\" \/>\n<meta name=\"twitter:label1\" content=\"Dur\u00e9e de lecture estim\u00e9e\" \/>\n\t<meta name=\"twitter:data1\" content=\"1 minute\" \/>\n<script type=\"application\/ld+json\" class=\"yoast-schema-graph\">{\"@context\":\"https:\\\/\\\/schema.org\",\"@graph\":[{\"@type\":\"WebPage\",\"@id\":\"https:\\\/\\\/zawaj-signature.com\\\/\",\"url\":\"https:\\\/\\\/zawaj-signature.com\\\/\",\"name\":\"Home v3 - Zawaj Signature\",\"isPartOf\":{\"@id\":\"https:\\\/\\\/zawaj-signature.com\\\/#website\"},\"primaryImageOfPage\":{\"@id\":\"https:\\\/\\\/zawaj-signature.com\\\/#primaryimage\"},\"image\":{\"@id\":\"https:\\\/\\\/zawaj-signature.com\\\/#primaryimage\"},\"thumbnailUrl\":\"https:\\\/\\\/ik.imagekit.io\\\/vn49p9jmnnv7g\\\/sober\\\/home3-footwear_Wbj1mesEs.jpg\",\"datePublished\":\"2016-07-28T04:10:33+00:00\",\"breadcrumb\":{\"@id\":\"https:\\\/\\\/zawaj-signature.com\\\/#breadcrumb\"},\"inLanguage\":\"fr-FR\",\"potentialAction\":[{\"@type\":\"ReadAction\",\"target\":[\"https:\\\/\\\/zawaj-signature.com\\\/\"]}]},{\"@type\":\"ImageObject\",\"inLanguage\":\"fr-FR\",\"@id\":\"https:\\\/\\\/zawaj-signature.com\\\/#primaryimage\",\"url\":\"https:\\\/\\\/ik.imagekit.io\\\/vn49p9jmnnv7g\\\/sober\\\/home3-footwear_Wbj1mesEs.jpg\",\"contentUrl\":\"https:\\\/\\\/ik.imagekit.io\\\/vn49p9jmnnv7g\\\/sober\\\/home3-footwear_Wbj1mesEs.jpg\"},{\"@type\":\"BreadcrumbList\",\"@id\":\"https:\\\/\\\/zawaj-signature.com\\\/#breadcrumb\",\"itemListElement\":[{\"@type\":\"ListItem\",\"position\":1,\"name\":\"Home\",\"item\":\"https:\\\/\\\/zawaj-signature.com\\\/\"},{\"@type\":\"ListItem\",\"position\":2,\"name\":\"Home v3\"}]},{\"@type\":\"WebSite\",\"@id\":\"https:\\\/\\\/zawaj-signature.com\\\/#website\",\"url\":\"https:\\\/\\\/zawaj-signature.com\\\/\",\"name\":\"Zawaj Signature\",\"description\":\"\",\"potentialAction\":[{\"@type\":\"SearchAction\",\"target\":{\"@type\":\"EntryPoint\",\"urlTemplate\":\"https:\\\/\\\/zawaj-signature.com\\\/?s={search_term_string}\"},\"query-input\":{\"@type\":\"PropertyValueSpecification\",\"valueRequired\":true,\"valueName\":\"search_term_string\"}}],\"inLanguage\":\"fr-FR\"}]}<\/script>\n<!-- \/ Yoast SEO plugin. -->","yoast_head_json":{"title":"Home v3 - Zawaj Signature","robots":{"index":"index","follow":"follow","max-snippet":"max-snippet:-1","max-image-preview":"max-image-preview:large","max-video-preview":"max-video-preview:-1"},"canonical":"https:\/\/zawaj-signature.com\/","og_locale":"fr_FR","og_type":"article","og_title":"Home v3 - Zawaj Signature","og_description":"[rev_slider alias=\u00a0\u00bbclassic\u00a0\u00bb slidertitle=\u00a0\u00bbClassic\u00a0\u00bb][\/rev_slider] Footwear Accessories Woman Man Hats Bags Featured ProductsAll Products New19% Add to&hellip;","og_url":"https:\/\/zawaj-signature.com\/","og_site_name":"Zawaj Signature","og_image":[{"url":"https:\/\/ik.imagekit.io\/vn49p9jmnnv7g\/sober\/home3-footwear_Wbj1mesEs.jpg","type":"","width":"","height":""}],"twitter_card":"summary_large_image","twitter_misc":{"Dur\u00e9e de lecture estim\u00e9e":"1 minute"},"schema":{"@context":"https:\/\/schema.org","@graph":[{"@type":"WebPage","@id":"https:\/\/zawaj-signature.com\/","url":"https:\/\/zawaj-signature.com\/","name":"Home v3 - Zawaj Signature","isPartOf":{"@id":"https:\/\/zawaj-signature.com\/#website"},"primaryImageOfPage":{"@id":"https:\/\/zawaj-signature.com\/#primaryimage"},"image":{"@id":"https:\/\/zawaj-signature.com\/#primaryimage"},"thumbnailUrl":"https:\/\/ik.imagekit.io\/vn49p9jmnnv7g\/sober\/home3-footwear_Wbj1mesEs.jpg","datePublished":"2016-07-28T04:10:33+00:00","breadcrumb":{"@id":"https:\/\/zawaj-signature.com\/#breadcrumb"},"inLanguage":"fr-FR","potentialAction":[{"@type":"ReadAction","target":["https:\/\/zawaj-signature.com\/"]}]},{"@type":"ImageObject","inLanguage":"fr-FR","@id":"https:\/\/zawaj-signature.com\/#primaryimage","url":"https:\/\/ik.imagekit.io\/vn49p9jmnnv7g\/sober\/home3-footwear_Wbj1mesEs.jpg","contentUrl":"https:\/\/ik.imagekit.io\/vn49p9jmnnv7g\/sober\/home3-footwear_Wbj1mesEs.jpg"},{"@type":"BreadcrumbList","@id":"https:\/\/zawaj-signature.com\/#breadcrumb","itemListElement":[{"@type":"ListItem","position":1,"name":"Home","item":"https:\/\/zawaj-signature.com\/"},{"@type":"ListItem","position":2,"name":"Home v3"}]},{"@type":"WebSite","@id":"https:\/\/zawaj-signature.com\/#website","url":"https:\/\/zawaj-signature.com\/","name":"Zawaj Signature","description":"","potentialAction":[{"@type":"SearchAction","target":{"@type":"EntryPoint","urlTemplate":"https:\/\/zawaj-signature.com\/?s={search_term_string}"},"query-input":{"@type":"PropertyValueSpecification","valueRequired":true,"valueName":"search_term_string"}}],"inLanguage":"fr-FR"}]}},"_links":{"self":[{"href":"https:\/\/zawaj-signature.com\/index.php\/wp-json\/wp\/v2\/pages\/31","targetHints":{"allow":["GET"]}}],"collection":[{"href":"https:\/\/zawaj-signature.com\/index.php\/wp-json\/wp\/v2\/pages"}],"about":[{"href":"https:\/\/zawaj-signature.com\/index.php\/wp-json\/wp\/v2\/types\/page"}],"author":[{"embeddable":true,"href":"https:\/\/zawaj-signature.com\/index.php\/wp-json\/wp\/v2\/users\/1"}],"replies":[{"embeddable":true,"href":"https:\/\/zawaj-signature.com\/index.php\/wp-json\/wp\/v2\/comments?post=31"}],"version-history":[{"count":0,"href":"https:\/\/zawaj-signature.com\/index.php\/wp-json\/wp\/v2\/pages\/31\/revisions"}],"wp:attachment":[{"href":"https:\/\/zawaj-signature.com\/index.php\/wp-json\/wp\/v2\/media?parent=31"}],"curies":[{"name":"wp","href":"https:\/\/api.w.org\/{rel}","templated":true}]}}